{"id":13,"date":"2020-06-16T10:22:45","date_gmt":"2020-06-16T10:22:45","guid":{"rendered":"https:\/\/40anos.inesc.pt\/?page_id=13"},"modified":"2020-08-20T14:58:25","modified_gmt":"2020-08-20T14:58:25","slug":"comunidade-inesc","status":"publish","type":"page","link":"https:\/\/40anos.inesc.pt\/?page_id=13","title":{"rendered":""},"content":{"rendered":"\n<p class=\"has-text-color has-accent-color\">O&nbsp;<a href=\"https:\/\/www.inesc.pt\/pt\/inesc-pt\/o-inesc\"><strong>INESC \u2013 Instituto de Engenharia de Sistemas e Computadores<\/strong><\/a>&nbsp;\u00e9 uma associa\u00e7\u00e3o privada sem fins lucrativos, de utilidade p\u00fablica, dedicada \u00e0 educa\u00e7\u00e3o, incuba\u00e7\u00e3o, investiga\u00e7\u00e3o cient\u00edfica e consultoria tecnol\u00f3gica.<\/p>\n\n\n\n<p class=\"has-text-color has-accent-color\">O INESC foi constitu\u00eddo em 1980, tendo-se afirmado como um modelo de refer\u00eancia na rela\u00e7\u00e3o Universidade-Ind\u00fastria. O INESC foi a primeira institui\u00e7\u00e3o a demonstrar que, na atividade socioecon\u00f3mica de um pa\u00eds com um grau de desenvolvimento como o de Portugal, h\u00e1 lugar para a Investiga\u00e7\u00e3o e Desenvolvimento.<\/p>\n\n\n\n<p class=\"has-text-color has-accent-color\">O reconhecimento da valia da atividade desenvolvida pelo INESC conduziu \u00e0 declara\u00e7\u00e3o de Utilidade P\u00fablica no ano de 1987.<\/p>\n\n\n\n<p class=\"has-text-color has-accent-color\">S\u00e3o associados do INESC: o Instituto Superior T\u00e9cnico (IST), o Grupo Portugal Telecom (atual ALTICE), a Universidade de Lisboa (ULisboa), a Universidade do Porto (UP), a Universidade de Coimbra (UC) e os Correios de Portugal, S.A. (CTT).<\/p>\n\n\n\n<p class=\"has-text-color has-accent-color\">O INESC apresenta atualmente uma estrutura tipo \u201cholding\u201d, com associadas dedicadas a atividade na \u00e1rea cient\u00edfica e tecnol\u00f3gica e um conjunto de pequenas participa\u00e7\u00f5es de contorno empresarial.<\/p>\n\n\n\n<p class=\"has-text-color has-accent-color\">A estrutura tipo \u201cholding\u201d adotada pelo INESC \u00e9 um modelo de diversidade, complementaridade e liberdade criativa que produz contribui\u00e7\u00f5es \u00fanicas para a constru\u00e7\u00e3o de um Portugal moderno, de uma economia s\u00f3lida e de uma sociedade de qualidade.<\/p>\n\n\n\n<p><strong>Institui\u00e7\u00f5es participadas pelo INESC<\/strong><\/p>\n\n\n\n<p class=\"has-text-color has-black-color\"><a href=\"https:\/\/www.uc.pt\/en\/org\/inescc\"><strong>INESC Coimbra<\/strong><\/a><\/p>\n\n\n\n<p class=\"has-text-color has-black-color\"><a href=\"https:\/\/www.inesc-id.pt\/\"><strong>INESC-ID<\/strong><\/a><\/p>\n\n\n\n<p class=\"has-text-color has-black-color\"><a href=\"https:\/\/www.inov.pt\"><strong>INESC<\/strong> <strong>INOV<\/strong><\/a><\/p>\n\n\n\n<p class=\"has-text-color has-black-color\"><a href=\"https:\/\/sites.google.com\/site\/inescmn\/\"><strong>INESC MN<\/strong><\/a><\/p>\n\n\n\n<p class=\"has-text-color has-black-color\"><a href=\"https:\/\/www.inesctec.pt\/pt\"><strong>INESC TEC<\/strong><\/a><\/p>\n\n\n\n<p><\/p>\n","protected":false},"excerpt":{"rendered":"<p>O&nbsp;INESC \u2013 Instituto de Engenharia de Sistemas e Computadores&nbsp;\u00e9 uma associa\u00e7\u00e3o privada sem fins lucrativos, de utilidade p\u00fablica, dedicada \u00e0 educa\u00e7\u00e3o, incuba\u00e7\u00e3o, investiga\u00e7\u00e3o cient\u00edfica e consultoria tecnol\u00f3gica. O INESC foi constitu\u00eddo em 1980, tendo-se afirmado como um modelo de refer\u00eancia na rela\u00e7\u00e3o Universidade-Ind\u00fastria. O INESC foi a primeira institui\u00e7\u00e3o a [&hellip;]<\/p>\n","protected":false},"author":1,"featured_media":0,"parent":0,"menu_order":0,"comment_status":"closed","ping_status":"closed","template":"","meta":{"om_disable_all_campaigns":false,"_monsterinsights_skip_tracking":false,"_monsterinsights_sitenote_active":false,"_monsterinsights_sitenote_note":"","_monsterinsights_sitenote_category":0,"_uf_show_specific_survey":0,"_uf_disable_surveys":false,"footnotes":""},"class_list":["post-13","page","type-page","status-publish","hentry"],"aioseo_notices":[],"_links":{"self":[{"href":"https:\/\/40anos.inesc.pt\/index.php?rest_route=\/wp\/v2\/pages\/13","targetHints":{"allow":["GET"]}}],"collection":[{"href":"https:\/\/40anos.inesc.pt\/index.php?rest_route=\/wp\/v2\/pages"}],"about":[{"href":"https:\/\/40anos.inesc.pt\/index.php?rest_route=\/wp\/v2\/types\/page"}],"author":[{"embeddable":true,"href":"https:\/\/40anos.inesc.pt\/index.php?rest_route=\/wp\/v2\/users\/1"}],"replies":[{"embeddable":true,"href":"https:\/\/40anos.inesc.pt\/index.php?rest_route=%2Fwp%2Fv2%2Fcomments&post=13"}],"version-history":[{"count":11,"href":"https:\/\/40anos.inesc.pt\/index.php?rest_route=\/wp\/v2\/pages\/13\/revisions"}],"predecessor-version":[{"id":702,"href":"https:\/\/40anos.inesc.pt\/index.php?rest_route=\/wp\/v2\/pages\/13\/revisions\/702"}],"wp:attachment":[{"href":"https:\/\/40anos.inesc.pt\/index.php?rest_route=%2Fwp%2Fv2%2Fmedia&parent=13"}],"curies":[{"name":"wp","href":"https:\/\/api.w.org\/{rel}","templated":true}]}}