{"id":15,"date":"2020-06-16T10:25:17","date_gmt":"2020-06-16T10:25:17","guid":{"rendered":"https:\/\/40anos.inesc.pt\/?page_id=15"},"modified":"2020-07-09T15:48:49","modified_gmt":"2020-07-09T15:48:49","slug":"evento-porto","status":"publish","type":"page","link":"https:\/\/40anos.inesc.pt\/?page_id=15","title":{"rendered":""},"content":{"rendered":"\n<p class=\"has-text-color has-black-color\">O Porto acolheu a primeira sess\u00e3o comemorativa&nbsp;<strong>\u201c40 anos de Ci\u00eancia e Conhecimento: capacitar as empresas para os novos desafios\u201d,&nbsp;<\/strong>a que se associou tamb\u00e9m a&nbsp;<a href=\"https:\/\/www.inesctec.pt\/pt\/instituicao#sobre\"><strong>comemora\u00e7\u00e3o dos 35 anos do INESC TEC<\/strong><\/a>.<\/p>\n\n\n\n<p class=\"has-text-color has-black-color\">Esta sess\u00e3o teve lugar no dia <strong>6 de julho, pelas 14:30 horas<\/strong>, na Faculdade de Engenharia da Universidade do Porto, com os oradores presentes em palco e os participantes a assistir online via Webinar do Zoom.<\/p>\n\n\n\n<p>Veja as fotos e o v\u00eddeo do evento <a href=\"https:\/\/40anos.inesc.pt\/?page_id=519\"><strong>aqui<\/strong><\/a>.<\/p>\n\n\n\n<p><\/p>\n\n\n\n<p class=\"has-text-color has-accent-color\"><br><strong>Programa<\/strong><\/p>\n\n\n\n<p><strong>Abertura:<\/strong> Jos\u00e9 Manuel Mendon\u00e7a, Presidente do INESC TEC e Professor da FEUP<\/p>\n\n\n\n<p><strong>Keynote speech:<\/strong> Elisa Ferreira, Comiss\u00e1ria Europeia para a Coes\u00e3o e Reformas<\/p>\n\n\n\n<p>Discuss\u00e3o em Painel<\/p>\n\n\n\n<p><strong>Moderador:<\/strong> Manuel Carvalho, Diretor do P\u00daBLICO<\/p>\n\n\n\n<p><strong>Participantes: &nbsp;<\/strong><\/p>\n\n\n\n<p>Ant\u00f3nio Amorim, Presidente &amp; CEO da Corticeira Amorim<\/p>\n\n\n\n<p>Ant\u00f3nio Mexia, Presidente da EDP<\/p>\n\n\n\n<p>Isabel Furtado, CEO da TMG Automotive e presidente da COTEC<\/p>\n\n\n\n<p>Manuel Carlos, Presidente da APICCAPS<\/p>\n\n\n\n<p>Paulo Azevedo, Presidente do Conselho de Administra\u00e7\u00e3o da SONAE<\/p>\n\n\n\n<p><strong>Encerramento:<\/strong>&nbsp;&nbsp;Jos\u00e9 Manuel Tribolet, Presidente do INESC<\/p>\n\n\n\n<p>Manuel Heitor, Ministro da Ci\u00eancia, Tecnologia e Ensino Superior<\/p>\n\n\n\n<p><\/p>\n\n\n\n<p class=\"has-text-color has-accent-color\"><strong>Oradores convidados&nbsp;<\/strong><\/p>\n\n\n\n<figure class=\"wp-block-image\"><img decoding=\"async\" src=\"https:\/\/40anos.inesc.pt\/wp-content\/uploads\/2020\/06\/Evento-INESC-40-anos_Fotos-02.jpg\" alt=\"This image has an empty alt attribute; its file name is Evento-INESC-40-anos_Fotos-02.jpg\"\/><\/figure>\n\n\n\n<p><strong>Elisa Ferreira<\/strong><\/p>\n\n\n\n<p>Elisa Ferreira \u00e9 uma economista e pol\u00edtica portuguesa. Foi ministra do Ambiente e ministra do Planeamento nos dois governos liderados por Ant\u00f3nio Guterres, deputada \u00e0 Assembleia da Rep\u00fablica e deputada em tr\u00eas legislaturas ao Parlamento Europeu. Foi&nbsp;a primeira mulher portuguesa a ser escolhida para o cargo de comiss\u00e1ria europeia. Atualmente desempenha a fun\u00e7\u00e3o de Comiss\u00e1ria Europeia para a Coes\u00e3o e Reformas.<\/p>\n\n\n\n<figure class=\"wp-block-image\"><img decoding=\"async\" src=\"https:\/\/40anos.inesc.pt\/wp-content\/uploads\/2020\/06\/Evento-INESC-40-anos_Fotos-05.jpg\" alt=\"This image has an empty alt attribute; its file name is Evento-INESC-40-anos_Fotos-05.jpg\"\/><\/figure>\n\n\n\n<p><strong>Ant\u00f3nio Amorim<\/strong><\/p>\n\n\n\n<p>Licenciado em Com\u00e9rcio Internacional pela Universidade de Birmingham, Ant\u00f3nio Amorim \u00e9 Presidente e CEO da Corticeira Amorim desde 2001. Tendo conclu\u00eddo estudos executivos em gest\u00e3o no INSEAD, Stanford e Universidade de Columbia, Ant\u00f3nio Amorim foi presidente da Confedera\u00e7\u00e3o Europeia de Corti\u00e7a entre 2003 e 2010 e, em 2012, terminou o seu terceiro mandato consecutivo \u00e0 frente dos destinos da APCOR \u2013 Associa\u00e7\u00e3o Portuguesa de Corti\u00e7a. Sob a sua lideran\u00e7a, a ind\u00fastria da corti\u00e7a experienciou um reconhecido renascimento, consolidando Portugal como incontest\u00e1vel l\u00edder mundial do setor.<\/p>\n\n\n\n<figure class=\"wp-block-image\"><img decoding=\"async\" src=\"https:\/\/40anos.inesc.pt\/wp-content\/uploads\/2020\/06\/Evento-INESC-40-anos_Fotos-04.jpg\" alt=\"This image has an empty alt attribute; its file name is Evento-INESC-40-anos_Fotos-04.jpg\"\/><\/figure>\n\n\n\n<p><strong>Ant\u00f3nio Mexia<\/strong><\/p>\n\n\n\n<p>Ant\u00f3nio Mexia est\u00e1 na lideran\u00e7a da EDP desde 30 de mar\u00e7o de 2006. Depois de ter sido Ministro das Obras P\u00fablicas, Transportes e Comunica\u00e7\u00f5es do XVI Governo Constitucional, foi membro do Conselho de Administra\u00e7\u00e3o do BCP, Licenciado em Economia pela Universidade de Gen\u00e8ve, j\u00e1 tinha sido Adjunto do Secret\u00e1rio de Estado do Com\u00e9rcio Externo entre 1986 e 1988 antes de chegar a presidente executivo da Galp Energia, cargo que exerceu at\u00e9 2004.<\/p>\n\n\n\n<figure class=\"wp-block-image\"><img decoding=\"async\" src=\"https:\/\/40anos.inesc.pt\/wp-content\/uploads\/2020\/06\/Evento-INESC-40-anos_Fotos-06.jpg\" alt=\"This image has an empty alt attribute; its file name is Evento-INESC-40-anos_Fotos-06.jpg\"\/><\/figure>\n\n\n\n<p><strong>Isabel Furtado<\/strong><\/p>\n\n\n\n<p>Isabel Furtado \u00e9 administradora das empresas do grupo TMG e da Casa Agr\u00edcola de Compostela. Integra o Conselho de Administra\u00e7\u00e3o e a Dire\u00e7\u00e3o Executiva do CEIIA e \u00e9 Presidente do Conselho Geral da COTEC. \u00c9 tamb\u00e9m Membro do Conselho de Administra\u00e7\u00e3o da Funda\u00e7\u00e3o AEP, Presidente do Conselho Superior da APEF, Membro do Conselho Diretor da APGEI e membro da Dire\u00e7\u00e3o Executiva da ATP.<\/p>\n\n\n\n<figure class=\"wp-block-image\"><img decoding=\"async\" src=\"https:\/\/40anos.inesc.pt\/wp-content\/uploads\/2020\/06\/Evento-INESC-40-anos_Fotos-07.jpg\" alt=\"This image has an empty alt attribute; its file name is Evento-INESC-40-anos_Fotos-07.jpg\"\/><\/figure>\n\n\n\n<p><strong>Manuel Carlos&nbsp;<\/strong><\/p>\n\n\n\n<p>Manuel Carlos \u00e9 licenciado em Economia pela FEP e desempenha atualmente a fun\u00e7\u00e3o de Presidente Delegado da APICCAPS \u2013 Associa\u00e7\u00e3o Portuguesa dos Industriais de Cal\u00e7ado, Componentes e Artigos de Pele. \u00c9 tamb\u00e9m, desde 2019, administrador n\u00e3o Executivo do Banco de Empresas Montepio e membro do Conselho de Curadores do IPCA. Foi Presidente do ICEP e do IAPMEI e administrador do Centro Tecnol\u00f3gico do Cal\u00e7ado. Foi Membro do Conselho da Ind\u00fastria do XIX Governo Constitucional, professor convidado da Universidade Cat\u00f3lica Portuguesa e do ISEG e desempenhou as fun\u00e7\u00f5es de Administrador Executivo e n\u00e3o executivo em diversas empresas.<\/p>\n\n\n\n<figure class=\"wp-block-image size-large\"><img loading=\"lazy\" decoding=\"async\" width=\"190\" height=\"190\" src=\"https:\/\/40anos.inesc.pt\/wp-content\/uploads\/2020\/06\/Evento-INESC-40-anos_Website_PauloAzevedo.jpg\" alt=\"\" class=\"wp-image-434\" srcset=\"https:\/\/40anos.inesc.pt\/wp-content\/uploads\/2020\/06\/Evento-INESC-40-anos_Website_PauloAzevedo.jpg 190w, https:\/\/40anos.inesc.pt\/wp-content\/uploads\/2020\/06\/Evento-INESC-40-anos_Website_PauloAzevedo-150x150.jpg 150w\" sizes=\"auto, (max-width: 190px) 100vw, 190px\" \/><\/figure>\n\n\n\n<p><strong>Paulo Azevedo<\/strong><\/p>\n\n\n\n<p>Paulo Azevedo \u00e9 Presidente do Conselho de Administra\u00e7\u00e3o da Sonae, da Sonae Ind\u00fastria, da Sonae Capital, da Efanor e da BAGlass. Foi, anteriormente, ao longo de 12 anos, Presidente da Comiss\u00e3o Executiva da Sonae e antes disso, Presidente do Conselho de Administra\u00e7\u00e3o da Sonaecom e da Optimus. \u00c9 atualmente Presidente da Comiss\u00e3o Executiva da Funda\u00e7\u00e3o Belmiro de Azevedo e Presidente da Comiss\u00e3o de Instala\u00e7\u00e3o da Associa\u00e7\u00e3o Biop\u00f3lis. No passado, esteve igualmente envolvido em v\u00e1rias associa\u00e7\u00f5es setoriais de empresas, funda\u00e7\u00f5es e do mundo acad\u00e9mico, tendo sido o primeiro Presidente do Conselho de Curadores da Universidade do Porto. Para al\u00e9m da licenciatura em Engenharia Qu\u00edmica pela \u00c9cole Polytechnique F\u00e9d\u00e9rale de Lausanne, possui tamb\u00e9m um MBA pela Porto Business School.<\/p>\n\n\n\n<p><\/p>\n\n\n\n<p><strong>Comiss\u00e3o Organizadora<\/strong><\/p>\n\n\n\n<p>Arlindo Oliveira (INESC\/IST) &#8211; Coordenador<\/p>\n\n\n\n<p>Jos\u00e9 Tribolet (INESC\/IST)<\/p>\n\n\n\n<p>Jos\u00e9 Manuel Mendon\u00e7a (INESC TEC\/FEUP)<\/p>\n\n\n\n<p>Pedro Guedes de Oliveira (INESC TEC\/FEUP)<\/p>\n\n\n\n<p>Bernardo Almada Lobo (INESC TEC\/FEUP)<\/p>\n\n\n\n<p>Sandra Pinto (INESC TEC)<\/p>\n\n\n\n<p>Ana Isabel Oliveira (INESC TEC)<\/p>\n\n\n\n<p>Eunice Oliveira (INESC TEC)<\/p>\n\n\n\n<p>Pedro Regadas (INESC TEC)<\/p>\n","protected":false},"excerpt":{"rendered":"<p>O Porto acolheu a primeira sess\u00e3o comemorativa&nbsp;\u201c40 anos de Ci\u00eancia e Conhecimento: capacitar as empresas para os novos desafios\u201d,&nbsp;a que se associou tamb\u00e9m a&nbsp;comemora\u00e7\u00e3o dos 35 anos do INESC TEC. Esta sess\u00e3o teve lugar no dia 6 de julho, pelas 14:30 horas, na Faculdade de Engenharia da Universidade do Porto, [&hellip;]<\/p>\n","protected":false},"author":1,"featured_media":0,"parent":0,"menu_order":0,"comment_status":"closed","ping_status":"closed","template":"","meta":{"om_disable_all_campaigns":false,"_monsterinsights_skip_tracking":false,"_monsterinsights_sitenote_active":false,"_monsterinsights_sitenote_note":"","_monsterinsights_sitenote_category":0,"_uf_show_specific_survey":0,"_uf_disable_surveys":false,"footnotes":""},"class_list":["post-15","page","type-page","status-publish","hentry"],"aioseo_notices":[],"_links":{"self":[{"href":"https:\/\/40anos.inesc.pt\/index.php?rest_route=\/wp\/v2\/pages\/15","targetHints":{"allow":["GET"]}}],"collection":[{"href":"https:\/\/40anos.inesc.pt\/index.php?rest_route=\/wp\/v2\/pages"}],"about":[{"href":"https:\/\/40anos.inesc.pt\/index.php?rest_route=\/wp\/v2\/types\/page"}],"author":[{"embeddable":true,"href":"https:\/\/40anos.inesc.pt\/index.php?rest_route=\/wp\/v2\/users\/1"}],"replies":[{"embeddable":true,"href":"https:\/\/40anos.inesc.pt\/index.php?rest_route=%2Fwp%2Fv2%2Fcomments&post=15"}],"version-history":[{"count":39,"href":"https:\/\/40anos.inesc.pt\/index.php?rest_route=\/wp\/v2\/pages\/15\/revisions"}],"predecessor-version":[{"id":646,"href":"https:\/\/40anos.inesc.pt\/index.php?rest_route=\/wp\/v2\/pages\/15\/revisions\/646"}],"wp:attachment":[{"href":"https:\/\/40anos.inesc.pt\/index.php?rest_route=%2Fwp%2Fv2%2Fmedia&parent=15"}],"curies":[{"name":"wp","href":"https:\/\/api.w.org\/{rel}","templated":true}]}}