{"id":34,"date":"2020-06-16T13:05:23","date_gmt":"2020-06-16T13:05:23","guid":{"rendered":"https:\/\/40anos.inesc.pt\/?page_id=34"},"modified":"2020-07-02T16:22:20","modified_gmt":"2020-07-02T16:22:20","slug":"politica-de-privacidade","status":"publish","type":"page","link":"https:\/\/40anos.inesc.pt\/?page_id=34","title":{"rendered":""},"content":{"rendered":"\n<p>Os dados pessoais recolhidos ao inscrever-se neste evento ser\u00e3o utilizados apenas pelo INESC TEC, e exclusivamente para efeitos da inscri\u00e7\u00e3o e gest\u00e3o do evento, sendo eliminados no prazo de uma semana ap\u00f3s a sua realiza\u00e7\u00e3o.<\/p>\n\n\n\n<p>Neste evento ser\u00e3o captados fotografias e v\u00eddeos que poder\u00e3o ser utilizados apenas para fins promocionais e informativos. Assim, o INESC e o INESC TEC poder\u00e3o utilizar a fotografia\/v\u00eddeo em publica\u00e7\u00f5es tais como websites, boletins informativos ou plataformas de redes sociais, entre outros. Se n\u00e3o pretende que sua imagem seja gravada para divulga\u00e7\u00e3o, por favor informe o\/a fot\u00f3grafo\/a e\/ou os organizadores do evento.<\/p>\n\n\n\n<p>Poder\u00e1 contactar o Encarregado de Prote\u00e7\u00e3o de Dados do INESC TEC para quaisquer quest\u00f5es relacionadas com o tratamento de dados pessoais ou o exerc\u00edcio dos seus direitos, enquanto titular dos dados, para o seguinte endere\u00e7o <a href=\"mailto:dpo@inesctec.pt\">dpo@inesctec.pt<\/a>.<\/p>\n","protected":false},"excerpt":{"rendered":"<p>Os dados pessoais recolhidos ao inscrever-se neste evento ser\u00e3o utilizados apenas pelo INESC TEC, e exclusivamente para efeitos da inscri\u00e7\u00e3o e gest\u00e3o do evento, sendo eliminados no prazo de uma semana ap\u00f3s a sua realiza\u00e7\u00e3o. Neste evento ser\u00e3o captados fotografias e v\u00eddeos que poder\u00e3o ser utilizados apenas para fins promocionais [&hellip;]<\/p>\n","protected":false},"author":1,"featured_media":0,"parent":0,"menu_order":0,"comment_status":"closed","ping_status":"closed","template":"","meta":{"om_disable_all_campaigns":false,"_monsterinsights_skip_tracking":false,"_monsterinsights_sitenote_active":false,"_monsterinsights_sitenote_note":"","_monsterinsights_sitenote_category":0,"_uf_show_specific_survey":0,"_uf_disable_surveys":false,"footnotes":""},"class_list":["post-34","page","type-page","status-publish","hentry"],"aioseo_notices":[],"_links":{"self":[{"href":"https:\/\/40anos.inesc.pt\/index.php?rest_route=\/wp\/v2\/pages\/34","targetHints":{"allow":["GET"]}}],"collection":[{"href":"https:\/\/40anos.inesc.pt\/index.php?rest_route=\/wp\/v2\/pages"}],"about":[{"href":"https:\/\/40anos.inesc.pt\/index.php?rest_route=\/wp\/v2\/types\/page"}],"author":[{"embeddable":true,"href":"https:\/\/40anos.inesc.pt\/index.php?rest_route=\/wp\/v2\/users\/1"}],"replies":[{"embeddable":true,"href":"https:\/\/40anos.inesc.pt\/index.php?rest_route=%2Fwp%2Fv2%2Fcomments&post=34"}],"version-history":[{"count":5,"href":"https:\/\/40anos.inesc.pt\/index.php?rest_route=\/wp\/v2\/pages\/34\/revisions"}],"predecessor-version":[{"id":511,"href":"https:\/\/40anos.inesc.pt\/index.php?rest_route=\/wp\/v2\/pages\/34\/revisions\/511"}],"wp:attachment":[{"href":"https:\/\/40anos.inesc.pt\/index.php?rest_route=%2Fwp%2Fv2%2Fmedia&parent=34"}],"curies":[{"name":"wp","href":"https:\/\/api.w.org\/{rel}","templated":true}]}}