{"id":38,"date":"2020-06-16T13:08:23","date_gmt":"2020-06-16T13:08:23","guid":{"rendered":"https:\/\/40anos.inesc.pt\/?page_id=38"},"modified":"2020-08-12T16:09:01","modified_gmt":"2020-08-12T16:09:01","slug":"contactos","status":"publish","type":"page","link":"https:\/\/40anos.inesc.pt\/?page_id=38","title":{"rendered":""},"content":{"rendered":"\n<p><strong>Evento Porto<\/strong><\/p>\n\n\n\n<p class=\"has-text-color has-accent-color\">Para mais informa\u00e7\u00f5es, por favor contacte:<br>INESC TEC<br>Campus da FEUP<br>Rua Dr Roberto Frias<br>4200-465 Porto<br>T +351 222094000<br><a href=\"mailto:eventos@inesctec.pt\">eventos@inesctec.pt<\/a><br><a href=\"http:\/\/www.inesctec.pt\/\">www.inesctec.pt<\/a><\/p>\n\n\n\n<p><strong>Evento Lisboa<\/strong><\/p>\n\n\n\n<p class=\"has-text-color has-accent-color\">Para mais informa\u00e7\u00f5es, por favor contacte:<br>INESC\u00a0<br>Rua Alves Redol, 9<br>1000-029 Lisboa<br>T +351 213100300<br><a href=\"mailto:eventos@inesctec.pt\">info@inesc.pt<\/a><br><a href=\"http:\/\/www.inesctec.pt\/\">www.inesc.pt<\/a><\/p>\n\n\n\n<p><strong>Evento Coimbra<\/strong><\/p>\n\n\n\n<p class=\"has-text-color has-accent-color\">Para mais informa\u00e7\u00f5es, por favor contacte:<br>INESC Coimbra&nbsp;<br>Rua S\u00edlvio Lima, P\u00f3lo II<br>3030-290 \u2013 Coimbra<br>T +351 239 796&nbsp;327<br><a href=\"mailto:secretaria@inescc.pt\">secretaria@inescc.pt<\/a><br><a href=\"https:\/\/www.uc.pt\/\">www.uc.pt<\/a><\/p>\n","protected":false},"excerpt":{"rendered":"<p>Evento Porto Para mais informa\u00e7\u00f5es, por favor contacte:INESC TECCampus da FEUPRua Dr Roberto Frias4200-465 PortoT +351 222094000eventos@inesctec.ptwww.inesctec.pt Evento Lisboa Para mais informa\u00e7\u00f5es, por favor contacte:INESC\u00a0Rua Alves Redol, 91000-029 LisboaT +351 213100300info@inesc.ptwww.inesc.pt Evento Coimbra Para mais informa\u00e7\u00f5es, por favor contacte:INESC Coimbra&nbsp;Rua S\u00edlvio Lima, P\u00f3lo II3030-290 \u2013 CoimbraT +351 239 796&nbsp;327secretaria@inescc.ptwww.uc.pt<\/p>\n","protected":false},"author":1,"featured_media":0,"parent":0,"menu_order":0,"comment_status":"closed","ping_status":"closed","template":"","meta":{"om_disable_all_campaigns":false,"_monsterinsights_skip_tracking":false,"_monsterinsights_sitenote_active":false,"_monsterinsights_sitenote_note":"","_monsterinsights_sitenote_category":0,"_uf_show_specific_survey":0,"_uf_disable_surveys":false,"footnotes":""},"class_list":["post-38","page","type-page","status-publish","hentry"],"aioseo_notices":[],"_links":{"self":[{"href":"https:\/\/40anos.inesc.pt\/index.php?rest_route=\/wp\/v2\/pages\/38","targetHints":{"allow":["GET"]}}],"collection":[{"href":"https:\/\/40anos.inesc.pt\/index.php?rest_route=\/wp\/v2\/pages"}],"about":[{"href":"https:\/\/40anos.inesc.pt\/index.php?rest_route=\/wp\/v2\/types\/page"}],"author":[{"embeddable":true,"href":"https:\/\/40anos.inesc.pt\/index.php?rest_route=\/wp\/v2\/users\/1"}],"replies":[{"embeddable":true,"href":"https:\/\/40anos.inesc.pt\/index.php?rest_route=%2Fwp%2Fv2%2Fcomments&post=38"}],"version-history":[{"count":7,"href":"https:\/\/40anos.inesc.pt\/index.php?rest_route=\/wp\/v2\/pages\/38\/revisions"}],"predecessor-version":[{"id":699,"href":"https:\/\/40anos.inesc.pt\/index.php?rest_route=\/wp\/v2\/pages\/38\/revisions\/699"}],"wp:attachment":[{"href":"https:\/\/40anos.inesc.pt\/index.php?rest_route=%2Fwp%2Fv2%2Fmedia&parent=38"}],"curies":[{"name":"wp","href":"https:\/\/api.w.org\/{rel}","templated":true}]}}