{"id":523,"date":"2020-07-07T11:23:01","date_gmt":"2020-07-07T11:23:01","guid":{"rendered":"https:\/\/40anos.inesc.pt\/?page_id=523"},"modified":"2020-07-09T09:59:08","modified_gmt":"2020-07-09T09:59:08","slug":"coimbra","status":"publish","type":"page","link":"https:\/\/40anos.inesc.pt\/?page_id=523","title":{"rendered":""},"content":{"rendered":"\n<p class=\"has-text-color has-accent-color\"><strong>Galeria Multim\u00e9dia<br><\/strong>A disponibilizar ap\u00f3s o evento.<\/p>\n\n\n\n<p class=\"has-text-color has-accent-color\"><strong>Not\u00edcias<br><\/strong>Informa\u00e7\u00e3o a disponibilizar em breve.<\/p>\n\n\n\n<p class=\"has-text-color has-accent-color\"><strong>Media<\/strong><br>Informa\u00e7\u00e3o a disponibilizar em breve.<\/p>\n","protected":false},"excerpt":{"rendered":"<p>Galeria Multim\u00e9diaA disponibilizar ap\u00f3s o evento. Not\u00edciasInforma\u00e7\u00e3o a disponibilizar em breve. MediaInforma\u00e7\u00e3o a disponibilizar em breve.<\/p>\n","protected":false},"author":1,"featured_media":0,"parent":0,"menu_order":0,"comment_status":"closed","ping_status":"closed","template":"","meta":{"om_disable_all_campaigns":false,"_monsterinsights_skip_tracking":false,"_monsterinsights_sitenote_active":false,"_monsterinsights_sitenote_note":"","_monsterinsights_sitenote_category":0,"_uf_show_specific_survey":0,"_uf_disable_surveys":false,"footnotes":""},"class_list":["post-523","page","type-page","status-publish","hentry"],"aioseo_notices":[],"_links":{"self":[{"href":"https:\/\/40anos.inesc.pt\/index.php?rest_route=\/wp\/v2\/pages\/523","targetHints":{"allow":["GET"]}}],"collection":[{"href":"https:\/\/40anos.inesc.pt\/index.php?rest_route=\/wp\/v2\/pages"}],"about":[{"href":"https:\/\/40anos.inesc.pt\/index.php?rest_route=\/wp\/v2\/types\/page"}],"author":[{"embeddable":true,"href":"https:\/\/40anos.inesc.pt\/index.php?rest_route=\/wp\/v2\/users\/1"}],"replies":[{"embeddable":true,"href":"https:\/\/40anos.inesc.pt\/index.php?rest_route=%2Fwp%2Fv2%2Fcomments&post=523"}],"version-history":[{"count":3,"href":"https:\/\/40anos.inesc.pt\/index.php?rest_route=\/wp\/v2\/pages\/523\/revisions"}],"predecessor-version":[{"id":643,"href":"https:\/\/40anos.inesc.pt\/index.php?rest_route=\/wp\/v2\/pages\/523\/revisions\/643"}],"wp:attachment":[{"href":"https:\/\/40anos.inesc.pt\/index.php?rest_route=%2Fwp%2Fv2%2Fmedia&parent=523"}],"curies":[{"name":"wp","href":"https:\/\/api.w.org\/{rel}","templated":true}]}}